 {"id":347,"date":"2023-02-17T15:22:35","date_gmt":"2023-02-17T15:22:35","guid":{"rendered":"https:\/\/www.cofavila.com\/?page_id=347"},"modified":"2025-01-31T10:29:59","modified_gmt":"2025-01-31T10:29:59","slug":"enlaces-de-interes","status":"publish","type":"page","link":"https:\/\/www.cofavila.com\/index.php\/enlaces-de-interes\/","title":{"rendered":"<h22>Enlaces de inter\u00e9s<\/h22>"},"content":{"rendered":"\n<ul>\n<li><a href=\"https:\/\/www.saludcastillayleon.es\/ciudadanos\/es\">Portal de Salud de Castilla y Le\u00f3n<\/a><\/li>\n<li><a href=\"https:\/\/www.farmaceuticos.com\/\">Portal Farmac\u00e9uticos<\/a><\/li>\n<li><a href=\"https:\/\/botplusweb.farmaceuticos.com\/\">Base de datos del Medicamento<\/a><\/li>\n<li><a href=\"https:\/\/www.sigre.es\/\">SIGRE<\/a><\/li>\n<li><a href=\"https:\/\/www.saludcastillayleon.es\/sanidad\/cm\/temas\/polen\">Niveles de Polen<\/a><\/li>\n<li><a href=\"https:\/\/www.aemet.es\/es\/eltiempo\/prediccion\/radiacionuv\">Radiaci\u00f3n Ultravioleta<\/a><\/li>\n<li><a href=\"https:\/\/www.aemps.gob.es\/\">Agencia Espa\u00f1ola de Medicamentos y Productos Sanitarios<\/a><\/li>\n<li><a href=\"https:\/\/www.sanidad.gob.es\/areas\/saludDigital\/recetaElectronicaSNS\/home.htm\">Ministerio de Sanidad: Receta Electr\u00f3nica del Sistema Nacional de Salud (RESNS)<\/a>: <a href=\"https:\/\/www.sanidad.gob.es\/areas\/saludDigital\/recetaElectronicaSNS\/mapaServiciosRESNS.htm\">Mapa situaci\u00f3n<\/a><\/li>\n<li><a href=\"https:\/\/www.sefh.es\/escuela-de-pacientes.php\">Escuela de Pacientes SEFH<\/a><\/li>\n<li><a href=\"https:\/\/www.cofavila.com\/wp-content\/uploads\/2025\/01\/Cartel-Calendario-vacunal-2025.pdf\">Calendario de vacunaciones para toda la vida. CYL 2025.<\/a><\/li>\n<\/ul>\n","protected":false},"excerpt":{"rendered":"<p>Portal de Salud de Castilla y Le\u00f3n Portal Farmac\u00e9uticos Base de datos del Medicamento SIGRE Niveles de Polen Radiaci\u00f3n Ultravioleta Agencia Espa\u00f1ola de Medicamentos y Productos Sanitarios Ministerio de Sanidad: Receta Electr\u00f3nica del Sistema Nacional de Salud (RESNS): Mapa situaci\u00f3n Escuela de Pacientes SEFH Calendario de vacunaciones para toda la vida. CYL 2025.<\/p>\n","protected":false},"author":1,"featured_media":0,"parent":0,"menu_order":0,"comment_status":"closed","ping_status":"closed","template":"page-full-width.php","meta":{"footnotes":""},"class_list":["post-347","page","type-page","status-publish","hentry"],"_links":{"self":[{"href":"https:\/\/www.cofavila.com\/index.php\/wp-json\/wp\/v2\/pages\/347","targetHints":{"allow":["GET"]}}],"collection":[{"href":"https:\/\/www.cofavila.com\/index.php\/wp-json\/wp\/v2\/pages"}],"about":[{"href":"https:\/\/www.cofavila.com\/index.php\/wp-json\/wp\/v2\/types\/page"}],"author":[{"embeddable":true,"href":"https:\/\/www.cofavila.com\/index.php\/wp-json\/wp\/v2\/users\/1"}],"replies":[{"embeddable":true,"href":"https:\/\/www.cofavila.com\/index.php\/wp-json\/wp\/v2\/comments?post=347"}],"version-history":[{"count":14,"href":"https:\/\/www.cofavila.com\/index.php\/wp-json\/wp\/v2\/pages\/347\/revisions"}],"predecessor-version":[{"id":2510,"href":"https:\/\/www.cofavila.com\/index.php\/wp-json\/wp\/v2\/pages\/347\/revisions\/2510"}],"wp:attachment":[{"href":"https:\/\/www.cofavila.com\/index.php\/wp-json\/wp\/v2\/media?parent=347"}],"curies":[{"name":"wp","href":"https:\/\/api.w.org\/{rel}","templated":true}]}}